{"id":2215,"date":"2021-11-22T12:18:35","date_gmt":"2021-11-22T16:18:35","guid":{"rendered":"http:\/\/radioclube.org.br\/?page_id=2215"},"modified":"2025-02-17T14:33:28","modified_gmt":"2025-02-17T18:33:28","slug":"home","status":"publish","type":"page","link":"https:\/\/radioclube.org.br\/","title":{"rendered":"Home"},"content":{"rendered":"<form role=\"search\" method=\"get\" action=\"https:\/\/radioclube.org.br\/\" class=\"wp-block-search__button-outside wp-block-search__text-button wp-block-search\"    ><label class=\"wp-block-search__label\" for=\"wp-block-search__input-1\" >Pesquisar<\/label><div class=\"wp-block-search__inside-wrapper\" ><input class=\"wp-block-search__input\" id=\"wp-block-search__input-1\" placeholder=\"\" value=\"\" type=\"search\" name=\"s\" required \/><button aria-label=\"Pesquisar\" class=\"wp-block-search__button wp-element-button\" type=\"submit\" >Pesquisar<\/button><\/div><\/form>\n\n\n<figure class=\"wp-block-image size-full\"><img fetchpriority=\"high\" decoding=\"async\" width=\"850\" height=\"300\" src=\"https:\/\/radioclube.org.br\/wp-content\/uploads\/2025\/02\/Green-And-White-Modern-Tennis-Tournament-Instagram-Post-850-x-300-px.png\" alt=\"\" class=\"wp-image-6237\" srcset=\"https:\/\/radioclube.org.br\/wp-content\/uploads\/2025\/02\/Green-And-White-Modern-Tennis-Tournament-Instagram-Post-850-x-300-px.png 850w, https:\/\/radioclube.org.br\/wp-content\/uploads\/2025\/02\/Green-And-White-Modern-Tennis-Tournament-Instagram-Post-850-x-300-px-300x106.png 300w, https:\/\/radioclube.org.br\/wp-content\/uploads\/2025\/02\/Green-And-White-Modern-Tennis-Tournament-Instagram-Post-850-x-300-px-768x271.png 768w\" sizes=\"(max-width: 850px) 100vw, 850px\" \/><\/figure>\n\n\n\n<figure class=\"wp-block-gallery has-nested-images columns-default is-cropped wp-block-gallery-2 is-layout-flex wp-block-gallery-is-layout-flex\">\n<figure class=\"wp-block-image size-large\"><img decoding=\"async\" width=\"1024\" height=\"203\" data-id=\"6231\" src=\"https:\/\/radioclube.org.br\/wp-content\/uploads\/2025\/02\/Captura-de-Tela-2025-02-12-as-09.53.25-1024x203.png\" alt=\"\" class=\"wp-image-6231\" srcset=\"https:\/\/radioclube.org.br\/wp-content\/uploads\/2025\/02\/Captura-de-Tela-2025-02-12-as-09.53.25-1024x203.png 1024w, https:\/\/radioclube.org.br\/wp-content\/uploads\/2025\/02\/Captura-de-Tela-2025-02-12-as-09.53.25-300x59.png 300w, https:\/\/radioclube.org.br\/wp-content\/uploads\/2025\/02\/Captura-de-Tela-2025-02-12-as-09.53.25-768x152.png 768w, https:\/\/radioclube.org.br\/wp-content\/uploads\/2025\/02\/Captura-de-Tela-2025-02-12-as-09.53.25-1536x305.png 1536w, https:\/\/radioclube.org.br\/wp-content\/uploads\/2025\/02\/Captura-de-Tela-2025-02-12-as-09.53.25-2048x406.png 2048w\" sizes=\"(max-width: 1024px) 100vw, 1024px\" \/><\/figure>\n<\/figure>\n\n\n\n<div class=\"wp-block-group\"><div class=\"wp-block-group__inner-container is-layout-constrained wp-block-group-is-layout-constrained\">\n<div class=\"wp-block-group\"><div class=\"wp-block-group__inner-container is-layout-constrained wp-block-group-is-layout-constrained\"><ul class=\"wp-block-latest-posts__list is-grid columns-3 alignleft wp-block-latest-posts\"><li><a class=\"wp-block-latest-posts__post-title\" href=\"https:\/\/radioclube.org.br\/?p=6208\">R\u00e9veillon 2024 Uma Noite Hist\u00f3rica dos 100 anos do R\u00e1dio Clube Cidade&#8221;<\/a><\/li>\n<li><a class=\"wp-block-latest-posts__post-title\" href=\"https:\/\/radioclube.org.br\/?p=6204\">R\u00e1dio Clube de Campo Grande comemora 100 anos e faz aul\u00e3o de hidro reunindo gera\u00e7\u00f5es<\/a><\/li>\n<li><a class=\"wp-block-latest-posts__post-title\" href=\"https:\/\/radioclube.org.br\/?p=6059\">Atividades<\/a><\/li>\n<li><a class=\"wp-block-latest-posts__post-title\" href=\"https:\/\/radioclube.org.br\/?p=6041\">Resultado Final da 1\u00ba Copa Ver\u00e3o<\/a><\/li>\n<li><a class=\"wp-block-latest-posts__post-title\" href=\"https:\/\/radioclube.org.br\/?p=6038\">Aberto para torcida, R\u00e1dio Clube ter\u00e1 final da Copa Ver\u00e3o nesta ter\u00e7a<\/a><\/li>\n<\/ul><\/div><\/div>\n\n\n\n<figure class=\"wp-block-image size-full is-resized\"><img decoding=\"async\" width=\"586\" height=\"823\" src=\"https:\/\/radioclube.org.br\/wp-content\/uploads\/2024\/03\/WhatsApp-Image-2024-02-07-at-17.36.34.jpeg\" alt=\"\" class=\"wp-image-6031\" style=\"width:503px;height:auto\" srcset=\"https:\/\/radioclube.org.br\/wp-content\/uploads\/2024\/03\/WhatsApp-Image-2024-02-07-at-17.36.34.jpeg 586w, https:\/\/radioclube.org.br\/wp-content\/uploads\/2024\/03\/WhatsApp-Image-2024-02-07-at-17.36.34-214x300.jpeg 214w\" sizes=\"(max-width: 586px) 100vw, 586px\" \/><\/figure>\n<\/div><\/div>\n\n\n\n\n\n<figure class=\"wp-block-gallery has-nested-images columns-default is-cropped wp-block-gallery-3 is-layout-flex wp-block-gallery-is-layout-flex\">\n<figure class=\"wp-block-image size-large\"><img loading=\"lazy\" decoding=\"async\" width=\"1000\" height=\"670\" data-id=\"5222\" src=\"https:\/\/radioclube.org.br\/wp-content\/uploads\/2023\/08\/WhatsApp-Image-2023-08-16-at-09.36.14.jpeg\" alt=\"\" class=\"wp-image-5222\" srcset=\"https:\/\/radioclube.org.br\/wp-content\/uploads\/2023\/08\/WhatsApp-Image-2023-08-16-at-09.36.14.jpeg 1000w, https:\/\/radioclube.org.br\/wp-content\/uploads\/2023\/08\/WhatsApp-Image-2023-08-16-at-09.36.14-300x201.jpeg 300w, https:\/\/radioclube.org.br\/wp-content\/uploads\/2023\/08\/WhatsApp-Image-2023-08-16-at-09.36.14-768x515.jpeg 768w, https:\/\/radioclube.org.br\/wp-content\/uploads\/2023\/08\/WhatsApp-Image-2023-08-16-at-09.36.14-380x254.jpeg 380w, https:\/\/radioclube.org.br\/wp-content\/uploads\/2023\/08\/WhatsApp-Image-2023-08-16-at-09.36.14-285x190.jpeg 285w\" sizes=\"(max-width: 1000px) 100vw, 1000px\" \/><\/figure>\n\n\n\n<figure class=\"wp-block-image size-large\"><img loading=\"lazy\" decoding=\"async\" width=\"1024\" height=\"768\" data-id=\"5225\" src=\"https:\/\/radioclube.org.br\/wp-content\/uploads\/2023\/08\/WhatsApp-Image-2023-08-16-at-09.36.16-4.jpeg\" alt=\"\" class=\"wp-image-5225\" srcset=\"https:\/\/radioclube.org.br\/wp-content\/uploads\/2023\/08\/WhatsApp-Image-2023-08-16-at-09.36.16-4.jpeg 1024w, https:\/\/radioclube.org.br\/wp-content\/uploads\/2023\/08\/WhatsApp-Image-2023-08-16-at-09.36.16-4-300x225.jpeg 300w, https:\/\/radioclube.org.br\/wp-content\/uploads\/2023\/08\/WhatsApp-Image-2023-08-16-at-09.36.16-4-768x576.jpeg 768w\" sizes=\"(max-width: 1024px) 100vw, 1024px\" \/><\/figure>\n\n\n\n<figure class=\"wp-block-image size-large\"><img loading=\"lazy\" decoding=\"async\" width=\"1024\" height=\"577\" data-id=\"5224\" src=\"https:\/\/radioclube.org.br\/wp-content\/uploads\/2023\/08\/WhatsApp-Image-2023-08-16-at-09.36.16-3.jpeg\" alt=\"\" class=\"wp-image-5224\" srcset=\"https:\/\/radioclube.org.br\/wp-content\/uploads\/2023\/08\/WhatsApp-Image-2023-08-16-at-09.36.16-3.jpeg 1024w, https:\/\/radioclube.org.br\/wp-content\/uploads\/2023\/08\/WhatsApp-Image-2023-08-16-at-09.36.16-3-300x169.jpeg 300w, https:\/\/radioclube.org.br\/wp-content\/uploads\/2023\/08\/WhatsApp-Image-2023-08-16-at-09.36.16-3-768x433.jpeg 768w\" sizes=\"(max-width: 1024px) 100vw, 1024px\" \/><\/figure>\n\n\n\n<figure class=\"wp-block-image size-large\"><img loading=\"lazy\" decoding=\"async\" width=\"800\" height=\"800\" data-id=\"5223\" src=\"https:\/\/radioclube.org.br\/wp-content\/uploads\/2023\/08\/WhatsApp-Image-2023-08-16-at-09.36.16-2.jpeg\" alt=\"\" class=\"wp-image-5223\" srcset=\"https:\/\/radioclube.org.br\/wp-content\/uploads\/2023\/08\/WhatsApp-Image-2023-08-16-at-09.36.16-2.jpeg 800w, https:\/\/radioclube.org.br\/wp-content\/uploads\/2023\/08\/WhatsApp-Image-2023-08-16-at-09.36.16-2-300x300.jpeg 300w, https:\/\/radioclube.org.br\/wp-content\/uploads\/2023\/08\/WhatsApp-Image-2023-08-16-at-09.36.16-2-150x150.jpeg 150w, https:\/\/radioclube.org.br\/wp-content\/uploads\/2023\/08\/WhatsApp-Image-2023-08-16-at-09.36.16-2-768x768.jpeg 768w\" sizes=\"(max-width: 800px) 100vw, 800px\" \/><\/figure>\n\n\n\n<figure class=\"wp-block-image size-large\"><img loading=\"lazy\" decoding=\"async\" width=\"1000\" height=\"670\" data-id=\"5220\" src=\"https:\/\/radioclube.org.br\/wp-content\/uploads\/2023\/08\/WhatsApp-Image-2023-08-16-at-09.36.16-1.jpeg\" alt=\"\" class=\"wp-image-5220\" srcset=\"https:\/\/radioclube.org.br\/wp-content\/uploads\/2023\/08\/WhatsApp-Image-2023-08-16-at-09.36.16-1.jpeg 1000w, https:\/\/radioclube.org.br\/wp-content\/uploads\/2023\/08\/WhatsApp-Image-2023-08-16-at-09.36.16-1-300x201.jpeg 300w, https:\/\/radioclube.org.br\/wp-content\/uploads\/2023\/08\/WhatsApp-Image-2023-08-16-at-09.36.16-1-768x515.jpeg 768w, https:\/\/radioclube.org.br\/wp-content\/uploads\/2023\/08\/WhatsApp-Image-2023-08-16-at-09.36.16-1-380x254.jpeg 380w, https:\/\/radioclube.org.br\/wp-content\/uploads\/2023\/08\/WhatsApp-Image-2023-08-16-at-09.36.16-1-285x190.jpeg 285w\" sizes=\"(max-width: 1000px) 100vw, 1000px\" \/><\/figure>\n\n\n\n<figure class=\"wp-block-image size-large\"><img loading=\"lazy\" decoding=\"async\" width=\"1000\" height=\"678\" data-id=\"5219\" src=\"https:\/\/radioclube.org.br\/wp-content\/uploads\/2023\/08\/WhatsApp-Image-2023-08-16-at-09.36.16.jpeg\" alt=\"\" class=\"wp-image-5219\" srcset=\"https:\/\/radioclube.org.br\/wp-content\/uploads\/2023\/08\/WhatsApp-Image-2023-08-16-at-09.36.16.jpeg 1000w, https:\/\/radioclube.org.br\/wp-content\/uploads\/2023\/08\/WhatsApp-Image-2023-08-16-at-09.36.16-300x203.jpeg 300w, https:\/\/radioclube.org.br\/wp-content\/uploads\/2023\/08\/WhatsApp-Image-2023-08-16-at-09.36.16-768x521.jpeg 768w\" sizes=\"(max-width: 1000px) 100vw, 1000px\" \/><\/figure>\n\n\n\n<figure class=\"wp-block-image size-large\"><img loading=\"lazy\" decoding=\"async\" width=\"1000\" height=\"668\" data-id=\"5218\" src=\"https:\/\/radioclube.org.br\/wp-content\/uploads\/2023\/08\/WhatsApp-Image-2023-08-16-at-09.36.15-2.jpeg\" alt=\"\" class=\"wp-image-5218\" srcset=\"https:\/\/radioclube.org.br\/wp-content\/uploads\/2023\/08\/WhatsApp-Image-2023-08-16-at-09.36.15-2.jpeg 1000w, https:\/\/radioclube.org.br\/wp-content\/uploads\/2023\/08\/WhatsApp-Image-2023-08-16-at-09.36.15-2-300x200.jpeg 300w, https:\/\/radioclube.org.br\/wp-content\/uploads\/2023\/08\/WhatsApp-Image-2023-08-16-at-09.36.15-2-768x513.jpeg 768w, https:\/\/radioclube.org.br\/wp-content\/uploads\/2023\/08\/WhatsApp-Image-2023-08-16-at-09.36.15-2-570x380.jpeg 570w, https:\/\/radioclube.org.br\/wp-content\/uploads\/2023\/08\/WhatsApp-Image-2023-08-16-at-09.36.15-2-380x254.jpeg 380w, https:\/\/radioclube.org.br\/wp-content\/uploads\/2023\/08\/WhatsApp-Image-2023-08-16-at-09.36.15-2-285x190.jpeg 285w\" sizes=\"(max-width: 1000px) 100vw, 1000px\" \/><\/figure>\n\n\n\n<figure class=\"wp-block-image size-large\"><img loading=\"lazy\" decoding=\"async\" width=\"1000\" height=\"672\" data-id=\"5217\" src=\"https:\/\/radioclube.org.br\/wp-content\/uploads\/2023\/08\/WhatsApp-Image-2023-08-16-at-09.36.15-1.jpeg\" alt=\"\" class=\"wp-image-5217\" srcset=\"https:\/\/radioclube.org.br\/wp-content\/uploads\/2023\/08\/WhatsApp-Image-2023-08-16-at-09.36.15-1.jpeg 1000w, https:\/\/radioclube.org.br\/wp-content\/uploads\/2023\/08\/WhatsApp-Image-2023-08-16-at-09.36.15-1-300x202.jpeg 300w, https:\/\/radioclube.org.br\/wp-content\/uploads\/2023\/08\/WhatsApp-Image-2023-08-16-at-09.36.15-1-768x516.jpeg 768w, https:\/\/radioclube.org.br\/wp-content\/uploads\/2023\/08\/WhatsApp-Image-2023-08-16-at-09.36.15-1-380x254.jpeg 380w\" sizes=\"(max-width: 1000px) 100vw, 1000px\" \/><\/figure>\n\n\n\n<figure class=\"wp-block-image size-large\"><img loading=\"lazy\" decoding=\"async\" width=\"1000\" height=\"670\" data-id=\"5221\" src=\"https:\/\/radioclube.org.br\/wp-content\/uploads\/2023\/08\/WhatsApp-Image-2023-08-16-at-09.36.15.jpeg\" alt=\"\" class=\"wp-image-5221\" srcset=\"https:\/\/radioclube.org.br\/wp-content\/uploads\/2023\/08\/WhatsApp-Image-2023-08-16-at-09.36.15.jpeg 1000w, https:\/\/radioclube.org.br\/wp-content\/uploads\/2023\/08\/WhatsApp-Image-2023-08-16-at-09.36.15-300x201.jpeg 300w, https:\/\/radioclube.org.br\/wp-content\/uploads\/2023\/08\/WhatsApp-Image-2023-08-16-at-09.36.15-768x515.jpeg 768w, https:\/\/radioclube.org.br\/wp-content\/uploads\/2023\/08\/WhatsApp-Image-2023-08-16-at-09.36.15-380x254.jpeg 380w, https:\/\/radioclube.org.br\/wp-content\/uploads\/2023\/08\/WhatsApp-Image-2023-08-16-at-09.36.15-285x190.jpeg 285w\" sizes=\"(max-width: 1000px) 100vw, 1000px\" \/><\/figure>\n<\/figure>\n\n\n\n<figure class=\"wp-block-embed is-type-video is-provider-youtube wp-block-embed-youtube wp-embed-aspect-16-9 wp-has-aspect-ratio\"><div class=\"wp-block-embed__wrapper\">\n<iframe title=\"PISCINA R\u00c1DIO CAMPO\" width=\"1170\" height=\"658\" src=\"https:\/\/www.youtube.com\/embed\/b7-OKYS8piY?feature=oembed\" frameborder=\"0\" allow=\"accelerometer; autoplay; clipboard-write; encrypted-media; gyroscope; picture-in-picture; web-share\" referrerpolicy=\"strict-origin-when-cross-origin\" allowfullscreen><\/iframe>\n<\/div><\/figure>\n\n    <div class=\"xs_social_share_widget xs_share_url after_content \t\tmain_content  wslu-style-1 wslu-share-box-shaped wslu-fill-colored wslu-none wslu-share-horizontal wslu-theme-font-yes wslu-main_content\">\n\n\t\t\n        <ul>\n\t\t\t                    <li class=\"xs-share-li facebook                        wslu-no-extra-data\">\n                        <a href=\"javascript:void(0);\"\n                           id=\"xs_feed_facebook\"\n                           onclick=\"xs_social_sharer(this);\"\n                           data-pid=\"2215\"\n                           data-uri_hash=\"ea666808bbfd780c367db2efe4e23ae8\"\n                           data-key=\"facebook\"\n                           data-xs-href=\"http:\/\/www.facebook.com\/sharer.php?u=https%3A%2F%2Fradioclube.org.br%2Findex.php%3Frest_route%3D%252Fwp%252Fv2%252Fpages%252F2215&amp;t=Home&amp;v=3\">\n\n                            <div class=\"xs-social-icon\">\n                                <span class=\"met-social met-social-facebook\"><\/span>\n                            <\/div>\n\n\t\t\t\t\t\t\t\n                            <div class=\"wslu-hover-content\">\n                                <div class=\"xs-social-followers\">\n\t\t\t\t\t\t\t\t\t25                                <\/div>\n                                <div class=\"xs-social-follower-text\">\n\t\t\t\t\t\t\t\t\tShare                                <\/div>\n                                <div class=\"xs-social-follower-label\">\n\t\t\t\t\t\t\t\t\tFacebook                                <\/div>\n                            <\/div>\n                        <\/a>\n                    <\/li>\n\t\t\t\t\t        <\/ul>\n    <\/div> \n","protected":false},"excerpt":{"rendered":"<p>25 Share Facebook<\/p>\n","protected":false},"author":1,"featured_media":0,"parent":0,"menu_order":0,"comment_status":"closed","ping_status":"closed","template":"","meta":{"two_page_speed":null,"footnotes":""},"class_list":["post-2215","page","type-page","status-publish","hentry"],"_links":{"self":[{"href":"https:\/\/radioclube.org.br\/index.php?rest_route=\/wp\/v2\/pages\/2215","targetHints":{"allow":["GET"]}}],"collection":[{"href":"https:\/\/radioclube.org.br\/index.php?rest_route=\/wp\/v2\/pages"}],"about":[{"href":"https:\/\/radioclube.org.br\/index.php?rest_route=\/wp\/v2\/types\/page"}],"author":[{"embeddable":true,"href":"https:\/\/radioclube.org.br\/index.php?rest_route=\/wp\/v2\/users\/1"}],"replies":[{"embeddable":true,"href":"https:\/\/radioclube.org.br\/index.php?rest_route=%2Fwp%2Fv2%2Fcomments&post=2215"}],"version-history":[{"count":14,"href":"https:\/\/radioclube.org.br\/index.php?rest_route=\/wp\/v2\/pages\/2215\/revisions"}],"predecessor-version":[{"id":6238,"href":"https:\/\/radioclube.org.br\/index.php?rest_route=\/wp\/v2\/pages\/2215\/revisions\/6238"}],"wp:attachment":[{"href":"https:\/\/radioclube.org.br\/index.php?rest_route=%2Fwp%2Fv2%2Fmedia&parent=2215"}],"curies":[{"name":"wp","href":"https:\/\/api.w.org\/{rel}","templated":true}]}}