{"id":2551,"date":"2022-01-03T09:46:28","date_gmt":"2022-01-03T13:46:28","guid":{"rendered":"http:\/\/radioclube.org.br\/?page_id=2551"},"modified":"2022-01-17T08:40:45","modified_gmt":"2022-01-17T12:40:45","slug":"ouvidoria-rc","status":"publish","type":"page","link":"https:\/\/radioclube.org.br\/?page_id=2551","title":{"rendered":"Ouvidoria &#8211; R\u00e1dio Clube"},"content":{"rendered":"\n<div class=\"wp-block-contact-form-7-contact-form-selector\">\n<div class=\"wpcf7 no-js\" id=\"wpcf7-f2550-o1\" lang=\"pt-BR\" dir=\"ltr\" data-wpcf7-id=\"2550\">\n<div class=\"screen-reader-response\"><p role=\"status\" aria-live=\"polite\" aria-atomic=\"true\"><\/p> <ul><\/ul><\/div>\n<form action=\"\/index.php?rest_route=%2Fwp%2Fv2%2Fpages%2F2551#wpcf7-f2550-o1\" method=\"post\" class=\"wpcf7-form init\" aria-label=\"Formul\u00e1rios de contato\" novalidate=\"novalidate\" data-status=\"init\">\n<fieldset class=\"hidden-fields-container\"><input type=\"hidden\" name=\"_wpcf7\" value=\"2550\" \/><input type=\"hidden\" name=\"_wpcf7_version\" value=\"6.1\" \/><input type=\"hidden\" name=\"_wpcf7_locale\" value=\"pt_BR\" \/><input type=\"hidden\" name=\"_wpcf7_unit_tag\" value=\"wpcf7-f2550-o1\" \/><input type=\"hidden\" name=\"_wpcf7_container_post\" value=\"0\" \/><input type=\"hidden\" name=\"_wpcf7_posted_data_hash\" value=\"\" \/>\n<\/fieldset>\n<p><label> Seu nome<br \/>\n<span class=\"wpcf7-form-control-wrap\" data-name=\"your-name\"><input size=\"40\" maxlength=\"400\" class=\"wpcf7-form-control wpcf7-text wpcf7-validates-as-required\" aria-required=\"true\" aria-invalid=\"false\" value=\"\" type=\"text\" name=\"your-name\" \/><\/span> <\/label>\n<\/p>\n<p><label> Seu e-mail<br \/>\n<span class=\"wpcf7-form-control-wrap\" data-name=\"your-email\"><input size=\"40\" maxlength=\"400\" class=\"wpcf7-form-control wpcf7-email wpcf7-validates-as-required wpcf7-text wpcf7-validates-as-email\" aria-required=\"true\" aria-invalid=\"false\" value=\"\" type=\"email\" name=\"your-email\" \/><\/span> <\/label>\n<\/p>\n<p><label> Seu Telefone<br \/>\n<span class=\"wpcf7-form-control-wrap\" data-name=\"Cel-133\"><input size=\"40\" maxlength=\"400\" class=\"wpcf7-form-control wpcf7-tel wpcf7-text wpcf7-validates-as-tel\" aria-invalid=\"false\" value=\"\" type=\"tel\" name=\"Cel-133\" \/><\/span> <\/label>\n<\/p>\n<p><label> Assunto <\/label><br \/>\n<span class=\"wpcf7-form-control-wrap\" data-name=\"checkbox-676\"><span class=\"wpcf7-form-control wpcf7-checkbox wpcf7-validates-as-required\"><span class=\"wpcf7-list-item first\"><label><input type=\"checkbox\" name=\"checkbox-676[]\" value=\"Elogio\" \/><span class=\"wpcf7-list-item-label\">Elogio<\/span><\/label><\/span><span class=\"wpcf7-list-item\"><label><input type=\"checkbox\" name=\"checkbox-676[]\" value=\"Reclama\u00e7\u00e3o\" \/><span class=\"wpcf7-list-item-label\">Reclama\u00e7\u00e3o<\/span><\/label><\/span><span class=\"wpcf7-list-item\"><label><input type=\"checkbox\" name=\"checkbox-676[]\" value=\"Solicita\u00e7\u00e3o\" \/><span class=\"wpcf7-list-item-label\">Solicita\u00e7\u00e3o<\/span><\/label><\/span><span class=\"wpcf7-list-item last\"><label><input type=\"checkbox\" name=\"checkbox-676[]\" value=\"Den\u00fancia\" \/><span class=\"wpcf7-list-item-label\">Den\u00fancia<\/span><\/label><\/span><\/span><\/span>\n<\/p>\n<p><label> Sua mensagem<br \/>\n<span class=\"wpcf7-form-control-wrap\" data-name=\"your-message\"><textarea cols=\"40\" rows=\"10\" maxlength=\"2000\" class=\"wpcf7-form-control wpcf7-textarea\" aria-invalid=\"false\" name=\"your-message\"><\/textarea><\/span> <\/label>\n<\/p>\n<p><label> Documentos <\/label><span class=\"wpcf7-form-control-wrap\" data-name=\"upload-file-ouvidoria\"><input size=\"40\" class=\"wpcf7-form-control wpcf7-drag-n-drop-file d-none\" aria-invalid=\"false\" type=\"file\" multiple=\"multiple\" data-name=\"upload-file-ouvidoria\" data-type=\"pdf|doc|docx|jpg|xls|xlsx|jpeg\" data-limit=\"2000000\" data-min=\"0\" data-max=\"5\" data-id=\"2550\" data-version=\"free version 1.3.9.6\" accept=\".pdf, .doc, .docx, .jpg, .xls, .xlsx, .jpeg\" \/><\/span>\n<\/p>\n<p><input class=\"wpcf7-form-control wpcf7-submit has-spinner\" type=\"submit\" value=\"Enviar\" \/>\n<\/p><div class=\"wpcf7-response-output\" aria-hidden=\"true\"><\/div>\n<\/form>\n<\/div>\n<\/div>\n\n\n\n<p><\/p>\n\n    <div class=\"xs_social_share_widget xs_share_url after_content \t\tmain_content  wslu-style-1 wslu-share-box-shaped wslu-fill-colored wslu-none wslu-share-horizontal wslu-theme-font-yes wslu-main_content\">\n\n\t\t\n        <ul>\n\t\t\t                    <li class=\"xs-share-li facebook                        wslu-no-extra-data\">\n                        <a href=\"javascript:void(0);\"\n                           id=\"xs_feed_facebook\"\n                           onclick=\"xs_social_sharer(this);\"\n                           data-pid=\"2551\"\n                           data-uri_hash=\"d571740f7fac2b4c1137a0361749016c\"\n                           data-key=\"facebook\"\n                           data-xs-href=\"http:\/\/www.facebook.com\/sharer.php?u=https%3A%2F%2Fradioclube.org.br%2Findex.php%3Frest_route%3D%252Fwp%252Fv2%252Fpages%252F2551&amp;t=Ouvidoria+%26%238211%3B+R%C3%A1dio+Clube&amp;v=3\">\n\n                            <div class=\"xs-social-icon\">\n                                <span class=\"met-social met-social-facebook\"><\/span>\n                            <\/div>\n\n\t\t\t\t\t\t\t\n                            <div class=\"wslu-hover-content\">\n                                <div class=\"xs-social-followers\">\n\t\t\t\t\t\t\t\t\t0                                <\/div>\n                                <div class=\"xs-social-follower-text\">\n\t\t\t\t\t\t\t\t\tShare                                <\/div>\n                                <div class=\"xs-social-follower-label\">\n\t\t\t\t\t\t\t\t\tFacebook                                <\/div>\n                            <\/div>\n                        <\/a>\n                    <\/li>\n\t\t\t\t\t        <\/ul>\n    <\/div> \n","protected":false},"excerpt":{"rendered":"<p>R\u00e1dio Clube, em processo de renova\u00e7\u00e3o e confian\u00e7a.<\/p>\n","protected":false},"author":1,"featured_media":2555,"parent":0,"menu_order":0,"comment_status":"closed","ping_status":"closed","template":"","meta":{"two_page_speed":[],"footnotes":""},"class_list":["post-2551","page","type-page","status-publish","has-post-thumbnail","hentry"],"_links":{"self":[{"href":"https:\/\/radioclube.org.br\/index.php?rest_route=\/wp\/v2\/pages\/2551","targetHints":{"allow":["GET"]}}],"collection":[{"href":"https:\/\/radioclube.org.br\/index.php?rest_route=\/wp\/v2\/pages"}],"about":[{"href":"https:\/\/radioclube.org.br\/index.php?rest_route=\/wp\/v2\/types\/page"}],"author":[{"embeddable":true,"href":"https:\/\/radioclube.org.br\/index.php?rest_route=\/wp\/v2\/users\/1"}],"replies":[{"embeddable":true,"href":"https:\/\/radioclube.org.br\/index.php?rest_route=%2Fwp%2Fv2%2Fcomments&post=2551"}],"version-history":[{"count":4,"href":"https:\/\/radioclube.org.br\/index.php?rest_route=\/wp\/v2\/pages\/2551\/revisions"}],"predecessor-version":[{"id":2557,"href":"https:\/\/radioclube.org.br\/index.php?rest_route=\/wp\/v2\/pages\/2551\/revisions\/2557"}],"wp:featuredmedia":[{"embeddable":true,"href":"https:\/\/radioclube.org.br\/index.php?rest_route=\/wp\/v2\/media\/2555"}],"wp:attachment":[{"href":"https:\/\/radioclube.org.br\/index.php?rest_route=%2Fwp%2Fv2%2Fmedia&parent=2551"}],"curies":[{"name":"wp","href":"https:\/\/api.w.org\/{rel}","templated":true}]}}