{"id":2636,"date":"2022-02-01T13:04:04","date_gmt":"2022-02-01T17:04:04","guid":{"rendered":"http:\/\/radioclube.org.br\/?page_id=2636"},"modified":"2022-02-10T09:29:30","modified_gmt":"2022-02-10T13:29:30","slug":"2636-2","status":"publish","type":"page","link":"https:\/\/radioclube.org.br\/?page_id=2636","title":{"rendered":"Endere\u00e7os"},"content":{"rendered":"\n<p> <strong>R\u00c1DIO CLUBE CIDADE<\/strong> &#8211; <strong><span class=\"has-inline-color has-vivid-red-color\">(67) 3321-0131<\/span><\/strong><br> <a href=\"https:\/\/goo.gl\/maps\/RSyUfwEFHBgTbQa26\" data-type=\"URL\" data-id=\"https:\/\/goo.gl\/maps\/RSyUfwEFHBgTbQa26\">R. Bar\u00e3o do Rio Branco, 1924 &#8211; Centro<\/a>  Campo Grande &#8211; MS, 79008-060   <\/p>\n\n\n\n<div class=\"wp-block-group\"><div class=\"wp-block-group__inner-container is-layout-flow wp-block-group-is-layout-flow\">\n<div class=\"wp-block-columns is-layout-flex wp-container-core-columns-is-layout-9d6595d7 wp-block-columns-is-layout-flex\">\n<div class=\"wp-block-column is-layout-flow wp-block-column-is-layout-flow\" style=\"flex-basis:100%\">\n<div class=\"wp-block-webfactory-map\"><div class=\"wp-block-webfactory-map\"><iframe width=\"100%\" height=\"150px\" src=\"https:\/\/www.google.com\/maps\/embed\/v1\/place?q=Radio%20Clube%20Cidade%2C%20R.%20Bar%C3%A3o%20do%20Rio%20Branco%2C%201966%20-%20Centro%2C%20Campo%20Grande%20-%20MS&amp;maptype=roadmap&amp;zoom=17&amp;key=AIzaSyAjyDspiPfzEfjRSS5fQzm-3jHFjHxeXB4\" frameborder=\"0\"><\/iframe><\/div><\/div>\n<\/div>\n<\/div>\n<\/div><\/div>\n\n\n\n<div class=\"wp-block-group\"><div class=\"wp-block-group__inner-container is-layout-flow wp-block-group-is-layout-flow\">\n<div class=\"wp-block-columns is-layout-flex wp-container-core-columns-is-layout-9d6595d7 wp-block-columns-is-layout-flex\">\n<div class=\"wp-block-column is-layout-flow wp-block-column-is-layout-flow\">\n<p><strong>R\u00c1DIO CLUBE CAMPO<\/strong> &#8211; <strong><span class=\"has-inline-color has-vivid-red-color\">(67) 3387-2751<\/span><\/strong><br><a href=\"https:\/\/goo.gl\/maps\/RhZdHzXPKjJWps5i6\">Av. Toros Puxian, 477 &#8211; Vila Morumbi<\/a>  Campo Grande &#8211; MS, 79052-030 <\/p>\n<\/div>\n<\/div>\n<\/div><\/div>\n\n\n\n<div class=\"wp-block-group\"><div class=\"wp-block-group__inner-container is-layout-flow wp-block-group-is-layout-flow\">\n<div class=\"wp-block-webfactory-map\"><div class=\"wp-block-webfactory-map\"><iframe width=\"100%\" height=\"150px\" src=\"https:\/\/www.google.com\/maps\/embed\/v1\/place?q=R%C3%A1dio%20Clube%20Campo%2C%20Av.%20Toros%20Puxian%2C%20477%20-%20Vila%20Morumbi%2C%20Campo%20Grande%20-%20MS%2C%2079052-030&amp;maptype=roadmap&amp;zoom=16&amp;key=AIzaSyAjyDspiPfzEfjRSS5fQzm-3jHFjHxeXB4\" frameborder=\"0\"><\/iframe><\/div><\/div>\n<\/div><\/div>\n\n    <div class=\"xs_social_share_widget xs_share_url after_content \t\tmain_content  wslu-style-1 wslu-share-box-shaped wslu-fill-colored wslu-none wslu-share-horizontal wslu-theme-font-yes wslu-main_content\">\n\n\t\t\n        <ul>\n\t\t\t                    <li class=\"xs-share-li facebook                        wslu-no-extra-data\">\n                        <a href=\"javascript:void(0);\"\n                           id=\"xs_feed_facebook\"\n                           onclick=\"xs_social_sharer(this);\"\n                           data-pid=\"2636\"\n                           data-uri_hash=\"19eb8a0393dce9796204ae105b773d52\"\n                           data-key=\"facebook\"\n                           data-xs-href=\"http:\/\/www.facebook.com\/sharer.php?u=https%3A%2F%2Fradioclube.org.br%2Findex.php%3Frest_route%3D%252Fwp%252Fv2%252Fpages%252F2636&amp;t=Endere%C3%A7os&amp;v=3\">\n\n                            <div class=\"xs-social-icon\">\n                                <span class=\"met-social met-social-facebook\"><\/span>\n                            <\/div>\n\n\t\t\t\t\t\t\t\n                            <div class=\"wslu-hover-content\">\n                                <div class=\"xs-social-followers\">\n\t\t\t\t\t\t\t\t\t1                                <\/div>\n                                <div class=\"xs-social-follower-text\">\n\t\t\t\t\t\t\t\t\tShare                                <\/div>\n                                <div class=\"xs-social-follower-label\">\n\t\t\t\t\t\t\t\t\tFacebook                                <\/div>\n                            <\/div>\n                        <\/a>\n                    <\/li>\n\t\t\t\t\t        <\/ul>\n    <\/div> \n","protected":false},"excerpt":{"rendered":"<p>R\u00c1DIO CLUBE CIDADE &#8211; (67) 3321-0131 R. Bar\u00e3o do Rio Branco, 1924 &#8211; Centro Campo Grande &#8211; MS, 79008-060 R\u00c1DIO CLUBE CAMPO &#8211; (67) 3387-2751Av. Toros Puxian, 477 &#8211; Vila Morumbi Campo Grande &#8211; MS, 79052-030 1 Share Facebook<\/p>\n","protected":false},"author":1,"featured_media":0,"parent":0,"menu_order":0,"comment_status":"closed","ping_status":"closed","template":"","meta":{"two_page_speed":[],"footnotes":""},"class_list":["post-2636","page","type-page","status-publish","hentry"],"_links":{"self":[{"href":"https:\/\/radioclube.org.br\/index.php?rest_route=\/wp\/v2\/pages\/2636","targetHints":{"allow":["GET"]}}],"collection":[{"href":"https:\/\/radioclube.org.br\/index.php?rest_route=\/wp\/v2\/pages"}],"about":[{"href":"https:\/\/radioclube.org.br\/index.php?rest_route=\/wp\/v2\/types\/page"}],"author":[{"embeddable":true,"href":"https:\/\/radioclube.org.br\/index.php?rest_route=\/wp\/v2\/users\/1"}],"replies":[{"embeddable":true,"href":"https:\/\/radioclube.org.br\/index.php?rest_route=%2Fwp%2Fv2%2Fcomments&post=2636"}],"version-history":[{"count":17,"href":"https:\/\/radioclube.org.br\/index.php?rest_route=\/wp\/v2\/pages\/2636\/revisions"}],"predecessor-version":[{"id":2672,"href":"https:\/\/radioclube.org.br\/index.php?rest_route=\/wp\/v2\/pages\/2636\/revisions\/2672"}],"wp:attachment":[{"href":"https:\/\/radioclube.org.br\/index.php?rest_route=%2Fwp%2Fv2%2Fmedia&parent=2636"}],"curies":[{"name":"wp","href":"https:\/\/api.w.org\/{rel}","templated":true}]}}