{"id":4189,"date":"2023-03-24T11:50:41","date_gmt":"2023-03-24T15:50:41","guid":{"rendered":"https:\/\/radioclube.org.br\/?page_id=4189"},"modified":"2023-04-18T16:44:03","modified_gmt":"2023-04-18T20:44:03","slug":"contabil-gestao-20-23","status":"publish","type":"page","link":"https:\/\/radioclube.org.br\/?page_id=4189","title":{"rendered":"FECHAMENTO CONT\u00c1BIL"},"content":{"rendered":"\n<p>&#8211; Todos Juntos Pelo R\u00e1dio 2020\/2023 &#8211;<\/p>\n\n\n\n<ul class=\"wp-block-list\">\n<li><a href=\"https:\/\/radioclube.org.br\/arqs\/Balanco2020.pdf\" data-type=\"URL\" data-id=\"http:\/\/www.radioclube.org.br\/arqs\/Balan%C3%A7o%202020%20-%20%20RADIO%20CLUBE.pdf\" target=\"_blank\" rel=\"noreferrer noopener\">Balan\u00e7o 2020<\/a><\/li>\n\n\n\n<li><a href=\"https:\/\/radioclube.org.br\/arqs\/Balanco2021.pdf\" target=\"_blank\" rel=\"noreferrer noopener\">Balan\u00e7o 2021<\/a><\/li>\n\n\n\n<li><a href=\"https:\/\/radioclube.org.br\/arqs\/Balanco2022.pdf\" target=\"_blank\" rel=\"noreferrer noopener\">Balan\u00e7o 2022<\/a><\/li>\n\n\n\n<li><a rel=\"noreferrer noopener\" href=\"https:\/\/radioclube.org.br\/wp-content\/uploads\/2023\/03\/Carta-1-parecer-2020-a-2023-Conselho-Fiscal.pdf\" target=\"_blank\">Aprova\u00e7\u00e3o cont\u00e1bil<\/a><\/li>\n<\/ul>\n\n    <div class=\"xs_social_share_widget xs_share_url after_content \t\tmain_content  wslu-style-1 wslu-share-box-shaped wslu-fill-colored wslu-none wslu-share-horizontal wslu-theme-font-yes wslu-main_content\">\n\n\t\t\n        <ul>\n\t\t\t                    <li class=\"xs-share-li facebook                        wslu-no-extra-data\">\n                        <a href=\"javascript:void(0);\"\n                           id=\"xs_feed_facebook\"\n                           onclick=\"xs_social_sharer(this);\"\n                           data-pid=\"4189\"\n                           data-uri_hash=\"421ae6dc309f1a2d5bc96921c535ada4\"\n                           data-key=\"facebook\"\n                           data-xs-href=\"http:\/\/www.facebook.com\/sharer.php?u=https%3A%2F%2Fradioclube.org.br%2Findex.php%3Frest_route%3D%252Fwp%252Fv2%252Fpages%252F4189&amp;t=FECHAMENTO+CONT%C3%81BIL&amp;v=3\">\n\n                            <div class=\"xs-social-icon\">\n                                <span class=\"met-social met-social-facebook\"><\/span>\n                            <\/div>\n\n\t\t\t\t\t\t\t\n                            <div class=\"wslu-hover-content\">\n                                <div class=\"xs-social-followers\">\n\t\t\t\t\t\t\t\t\t0                                <\/div>\n                                <div class=\"xs-social-follower-text\">\n\t\t\t\t\t\t\t\t\tShare                                <\/div>\n                                <div class=\"xs-social-follower-label\">\n\t\t\t\t\t\t\t\t\tFacebook                                <\/div>\n                            <\/div>\n                        <\/a>\n                    <\/li>\n\t\t\t\t\t        <\/ul>\n    <\/div> \n","protected":false},"excerpt":{"rendered":"<p>&#8211; Todos Juntos Pelo R\u00e1dio 2020\/2023 &#8211; 0 Share Facebook<\/p>\n","protected":false},"author":1,"featured_media":0,"parent":0,"menu_order":0,"comment_status":"closed","ping_status":"closed","template":"","meta":{"two_page_speed":[],"footnotes":""},"class_list":["post-4189","page","type-page","status-publish","hentry"],"_links":{"self":[{"href":"https:\/\/radioclube.org.br\/index.php?rest_route=\/wp\/v2\/pages\/4189","targetHints":{"allow":["GET"]}}],"collection":[{"href":"https:\/\/radioclube.org.br\/index.php?rest_route=\/wp\/v2\/pages"}],"about":[{"href":"https:\/\/radioclube.org.br\/index.php?rest_route=\/wp\/v2\/types\/page"}],"author":[{"embeddable":true,"href":"https:\/\/radioclube.org.br\/index.php?rest_route=\/wp\/v2\/users\/1"}],"replies":[{"embeddable":true,"href":"https:\/\/radioclube.org.br\/index.php?rest_route=%2Fwp%2Fv2%2Fcomments&post=4189"}],"version-history":[{"count":4,"href":"https:\/\/radioclube.org.br\/index.php?rest_route=\/wp\/v2\/pages\/4189\/revisions"}],"predecessor-version":[{"id":4760,"href":"https:\/\/radioclube.org.br\/index.php?rest_route=\/wp\/v2\/pages\/4189\/revisions\/4760"}],"wp:attachment":[{"href":"https:\/\/radioclube.org.br\/index.php?rest_route=%2Fwp%2Fv2%2Fmedia&parent=4189"}],"curies":[{"name":"wp","href":"https:\/\/api.w.org\/{rel}","templated":true}]}}